{"id":4428,"date":"2019-07-24T16:06:50","date_gmt":"2019-07-24T14:06:50","guid":{"rendered":"https:\/\/l-echappee.com\/?post_type=product&#038;p=4428"},"modified":"2022-06-06T07:39:15","modified_gmt":"2022-06-06T05:39:15","slug":"machu-picchu","status":"publish","type":"product","link":"https:\/\/l-echappee.com\/en\/produit\/machu-picchu\/","title":{"rendered":"Machu Picchu"},"content":{"rendered":"<p><\/p>\n","protected":false},"excerpt":{"rendered":"<p><span class=\"tlid-translation translation\" lang=\"en\"><span class=\"\" title=\"\">What to say about one of the seven wonders of the world that you do not already know &#8230; In the old days, it was one of the schools of the greatest spiritual masters of the Incas Valley. Hidden for a long time, its location has made its survival and wonder today. The mysteries of this place remain revealed only to a few rare initiates. The mountains surrounding the site are all as beautiful and majestic as the ruins themselves. Small confidence &#8230; I waited 6 hours in the rain to take this picture.<br \/>\n<\/span><\/span><\/p>\n","protected":false},"featured_media":3362,"template":"","meta":[],"product_cat":[61],"product_tag":[],"yoast_head":"<!-- This site is optimized with the Yoast SEO plugin v21.1 - https:\/\/yoast.com\/wordpress\/plugins\/seo\/ -->\n<title>Machu Picchu - L&#039;Echapp\u00e9e | Travel from your home<\/title>\n<meta name=\"robots\" content=\"index, follow, max-snippet:-1, max-image-preview:large, max-video-preview:-1\" \/>\n<link rel=\"canonical\" href=\"https:\/\/l-echappee.com\/produit\/machu-picchu\/\" \/>\n<meta property=\"og:locale\" content=\"en_US\" \/>\n<meta property=\"og:type\" content=\"article\" \/>\n<meta property=\"og:title\" content=\"Machu Picchu - L&#039;Echapp\u00e9e | Travel from your home\" \/>\n<meta property=\"og:description\" content=\"[:fr]Que vous dire sur l&#039;une des sept merveilles du monde que vous ne sachiez d\u00e9j\u00e0... Dans l&#039;ancien temps, il s&#039;agissait de l&#039;une des \u00e9coles des plus grands ma\u00eetres spirituels de la vall\u00e9s des Incas. Longtemps rest\u00e9e cach\u00e9e, son emplacement lui a vallu sa survie et notre \u00e9merveillement aujourd&#039;hui. Les myst\u00e8res de ce lieux ne restent r\u00e9v\u00e9l\u00e9s qu&#039;\u00e0 quelques rares initi\u00e9s.\u00a0 Les montagnes qui entourent le site sont toutes aussi belles et majestueuses que les ruines elles-m\u00eame. Petite confidence... J&#039;ai attendu 6h sous la pluie pour pouvoir prendre cette photo.[:en]What to say about one of the seven wonders of the world that you do not already know ... In the old days, it was one of the schools of the greatest spiritual masters of the Incas Valley. Hidden for a long time, its location has made its survival and wonder today. The mysteries of this place remain revealed only to a few rare initiates. The mountains surrounding the site are all as beautiful and majestic as the ruins themselves. Small confidence ... I waited 6 hours in the rain to take this picture. [:]\" \/>\n<meta property=\"og:url\" content=\"https:\/\/l-echappee.com\/produit\/machu-picchu\/\" \/>\n<meta property=\"og:site_name\" content=\"L&#039;Echapp\u00e9e | Travel from your home\" \/>\n<meta property=\"article:publisher\" content=\"https:\/\/www.facebook.com\/lechappee.official\" \/>\n<meta property=\"article:modified_time\" content=\"2022-06-06T05:39:15+00:00\" \/>\n<meta property=\"og:image\" content=\"https:\/\/l-echappee.com\/wp-content\/uploads\/2019\/06\/L-Echappee_0004_190220-MachuPicchu-web-2.jpg\" \/>\n\t<meta property=\"og:image:width\" content=\"1000\" \/>\n\t<meta property=\"og:image:height\" content=\"990\" \/>\n\t<meta property=\"og:image:type\" content=\"image\/jpeg\" \/>\n<meta name=\"twitter:card\" content=\"summary_large_image\" \/>\n<script type=\"application\/ld+json\" class=\"yoast-schema-graph\">{\"@context\":\"https:\/\/schema.org\",\"@graph\":[{\"@type\":\"WebPage\",\"@id\":\"https:\/\/l-echappee.com\/produit\/machu-picchu\/\",\"url\":\"https:\/\/l-echappee.com\/produit\/machu-picchu\/\",\"name\":\"Machu Picchu - L&#039;Echapp\u00e9e | Travel from your home\",\"isPartOf\":{\"@id\":\"https:\/\/l-echappee.com\/#website\"},\"datePublished\":\"2019-07-24T14:06:50+00:00\",\"dateModified\":\"2022-06-06T05:39:15+00:00\",\"breadcrumb\":{\"@id\":\"https:\/\/l-echappee.com\/produit\/machu-picchu\/#breadcrumb\"},\"inLanguage\":\"en-US\",\"potentialAction\":[{\"@type\":\"ReadAction\",\"target\":[\"https:\/\/l-echappee.com\/produit\/machu-picchu\/\"]}]},{\"@type\":\"BreadcrumbList\",\"@id\":\"https:\/\/l-echappee.com\/produit\/machu-picchu\/#breadcrumb\",\"itemListElement\":[{\"@type\":\"ListItem\",\"position\":1,\"name\":\"Accueil\",\"item\":\"https:\/\/l-echappee.com\/\"},{\"@type\":\"ListItem\",\"position\":2,\"name\":\"Collection\",\"item\":\"https:\/\/l-echappee.com\/en\/collection\/\"},{\"@type\":\"ListItem\",\"position\":3,\"name\":\"Machu Picchu\"}]},{\"@type\":\"WebSite\",\"@id\":\"https:\/\/l-echappee.com\/#website\",\"url\":\"https:\/\/l-echappee.com\/\",\"name\":\"L&#039;Echapp\u00e9e | Travel from your home\",\"description\":\"Fine art prints, framed prints and wall art\",\"publisher\":{\"@id\":\"https:\/\/l-echappee.com\/#organization\"},\"potentialAction\":[{\"@type\":\"SearchAction\",\"target\":{\"@type\":\"EntryPoint\",\"urlTemplate\":\"https:\/\/l-echappee.com\/?s={search_term_string}\"},\"query-input\":\"required name=search_term_string\"}],\"inLanguage\":\"en-US\"},{\"@type\":\"Organization\",\"@id\":\"https:\/\/l-echappee.com\/#organization\",\"name\":\"L&#039;Echapp\u00e9e | Travel from your home\",\"url\":\"https:\/\/l-echappee.com\/\",\"logo\":{\"@type\":\"ImageObject\",\"inLanguage\":\"en-US\",\"@id\":\"https:\/\/l-echappee.com\/#\/schema\/logo\/image\/\",\"url\":\"https:\/\/l-echappee.com\/wp-content\/uploads\/2019\/09\/LEchappee_Logo2-03.png\",\"contentUrl\":\"https:\/\/l-echappee.com\/wp-content\/uploads\/2019\/09\/LEchappee_Logo2-03.png\",\"width\":373,\"height\":90,\"caption\":\"L&#039;Echapp\u00e9e | Travel from your home\"},\"image\":{\"@id\":\"https:\/\/l-echappee.com\/#\/schema\/logo\/image\/\"},\"sameAs\":[\"https:\/\/www.facebook.com\/lechappee.official\",\"https:\/\/www.instagram.com\/lechappee_\"]}]}<\/script>\n<!-- \/ Yoast SEO plugin. -->","yoast_head_json":{"title":"Machu Picchu - L&#039;Echapp\u00e9e | Travel from your home","robots":{"index":"index","follow":"follow","max-snippet":"max-snippet:-1","max-image-preview":"max-image-preview:large","max-video-preview":"max-video-preview:-1"},"canonical":"https:\/\/l-echappee.com\/produit\/machu-picchu\/","og_locale":"en_US","og_type":"article","og_title":"Machu Picchu - L&#039;Echapp\u00e9e | Travel from your home","og_description":"[:fr]Que vous dire sur l'une des sept merveilles du monde que vous ne sachiez d\u00e9j\u00e0... Dans l'ancien temps, il s'agissait de l'une des \u00e9coles des plus grands ma\u00eetres spirituels de la vall\u00e9s des Incas. Longtemps rest\u00e9e cach\u00e9e, son emplacement lui a vallu sa survie et notre \u00e9merveillement aujourd'hui. Les myst\u00e8res de ce lieux ne restent r\u00e9v\u00e9l\u00e9s qu'\u00e0 quelques rares initi\u00e9s.\u00a0 Les montagnes qui entourent le site sont toutes aussi belles et majestueuses que les ruines elles-m\u00eame. Petite confidence... J'ai attendu 6h sous la pluie pour pouvoir prendre cette photo.[:en]What to say about one of the seven wonders of the world that you do not already know ... In the old days, it was one of the schools of the greatest spiritual masters of the Incas Valley. Hidden for a long time, its location has made its survival and wonder today. The mysteries of this place remain revealed only to a few rare initiates. The mountains surrounding the site are all as beautiful and majestic as the ruins themselves. Small confidence ... I waited 6 hours in the rain to take this picture. [:]","og_url":"https:\/\/l-echappee.com\/produit\/machu-picchu\/","og_site_name":"L&#039;Echapp\u00e9e | Travel from your home","article_publisher":"https:\/\/www.facebook.com\/lechappee.official","article_modified_time":"2022-06-06T05:39:15+00:00","og_image":[{"width":1000,"height":990,"url":"https:\/\/l-echappee.com\/wp-content\/uploads\/2019\/06\/L-Echappee_0004_190220-MachuPicchu-web-2.jpg","type":"image\/jpeg"}],"twitter_card":"summary_large_image","schema":{"@context":"https:\/\/schema.org","@graph":[{"@type":"WebPage","@id":"https:\/\/l-echappee.com\/produit\/machu-picchu\/","url":"https:\/\/l-echappee.com\/produit\/machu-picchu\/","name":"Machu Picchu - L&#039;Echapp\u00e9e | Travel from your home","isPartOf":{"@id":"https:\/\/l-echappee.com\/#website"},"datePublished":"2019-07-24T14:06:50+00:00","dateModified":"2022-06-06T05:39:15+00:00","breadcrumb":{"@id":"https:\/\/l-echappee.com\/produit\/machu-picchu\/#breadcrumb"},"inLanguage":"en-US","potentialAction":[{"@type":"ReadAction","target":["https:\/\/l-echappee.com\/produit\/machu-picchu\/"]}]},{"@type":"BreadcrumbList","@id":"https:\/\/l-echappee.com\/produit\/machu-picchu\/#breadcrumb","itemListElement":[{"@type":"ListItem","position":1,"name":"Accueil","item":"https:\/\/l-echappee.com\/"},{"@type":"ListItem","position":2,"name":"Collection","item":"https:\/\/l-echappee.com\/en\/collection\/"},{"@type":"ListItem","position":3,"name":"Machu Picchu"}]},{"@type":"WebSite","@id":"https:\/\/l-echappee.com\/#website","url":"https:\/\/l-echappee.com\/","name":"L&#039;Echapp\u00e9e | Travel from your home","description":"Fine art prints, framed prints and wall art","publisher":{"@id":"https:\/\/l-echappee.com\/#organization"},"potentialAction":[{"@type":"SearchAction","target":{"@type":"EntryPoint","urlTemplate":"https:\/\/l-echappee.com\/?s={search_term_string}"},"query-input":"required name=search_term_string"}],"inLanguage":"en-US"},{"@type":"Organization","@id":"https:\/\/l-echappee.com\/#organization","name":"L&#039;Echapp\u00e9e | Travel from your home","url":"https:\/\/l-echappee.com\/","logo":{"@type":"ImageObject","inLanguage":"en-US","@id":"https:\/\/l-echappee.com\/#\/schema\/logo\/image\/","url":"https:\/\/l-echappee.com\/wp-content\/uploads\/2019\/09\/LEchappee_Logo2-03.png","contentUrl":"https:\/\/l-echappee.com\/wp-content\/uploads\/2019\/09\/LEchappee_Logo2-03.png","width":373,"height":90,"caption":"L&#039;Echapp\u00e9e | Travel from your home"},"image":{"@id":"https:\/\/l-echappee.com\/#\/schema\/logo\/image\/"},"sameAs":["https:\/\/www.facebook.com\/lechappee.official","https:\/\/www.instagram.com\/lechappee_"]}]}},"_links":{"self":[{"href":"https:\/\/l-echappee.com\/en\/wp-json\/wp\/v2\/product\/4428"}],"collection":[{"href":"https:\/\/l-echappee.com\/en\/wp-json\/wp\/v2\/product"}],"about":[{"href":"https:\/\/l-echappee.com\/en\/wp-json\/wp\/v2\/types\/product"}],"wp:featuredmedia":[{"embeddable":true,"href":"https:\/\/l-echappee.com\/en\/wp-json\/wp\/v2\/media\/3362"}],"wp:attachment":[{"href":"https:\/\/l-echappee.com\/en\/wp-json\/wp\/v2\/media?parent=4428"}],"wp:term":[{"taxonomy":"product_cat","embeddable":true,"href":"https:\/\/l-echappee.com\/en\/wp-json\/wp\/v2\/product_cat?post=4428"},{"taxonomy":"product_tag","embeddable":true,"href":"https:\/\/l-echappee.com\/en\/wp-json\/wp\/v2\/product_tag?post=4428"}],"curies":[{"name":"wp","href":"https:\/\/api.w.org\/{rel}","templated":true}]}}