{"id":4397,"date":"2019-07-24T15:58:43","date_gmt":"2019-07-24T13:58:43","guid":{"rendered":"https:\/\/l-echappee.com\/?post_type=product&#038;p=4397"},"modified":"2022-06-06T07:39:15","modified_gmt":"2022-06-06T05:39:15","slug":"jebel-bouhachem","status":"publish","type":"product","link":"https:\/\/l-echappee.com\/en\/produit\/jebel-bouhachem\/","title":{"rendered":"Jebel Bouhachem"},"content":{"rendered":"<p><\/p>\n","protected":false},"excerpt":{"rendered":"<p><span class=\"tlid-translation translation\" lang=\"en\"><span title=\"\">Crossing the Jebel Bouhachem Nature Reserve, one of the few natural islets in Morocco where the ecological configuration is well preserved.<\/span> <span class=\"\" title=\"\">It is one of the most beautiful deciduous forests in Morocco.<\/span><\/span><\/p>\n","protected":false},"featured_media":4144,"template":"","meta":[],"product_cat":[61],"product_tag":[],"yoast_head":"<!-- This site is optimized with the Yoast SEO plugin v21.1 - https:\/\/yoast.com\/wordpress\/plugins\/seo\/ -->\n<title>Jebel Bouhachem - L&#039;Echapp\u00e9e | Travel from your home<\/title>\n<meta name=\"robots\" content=\"index, follow, max-snippet:-1, max-image-preview:large, max-video-preview:-1\" \/>\n<link rel=\"canonical\" href=\"https:\/\/l-echappee.com\/produit\/jebel-bouhachem\/\" \/>\n<meta property=\"og:locale\" content=\"en_US\" \/>\n<meta property=\"og:type\" content=\"article\" \/>\n<meta property=\"og:title\" content=\"Jebel Bouhachem - L&#039;Echapp\u00e9e | Travel from your home\" \/>\n<meta property=\"og:description\" content=\"[:fr]Travers\u00e9e de la r\u00e9serve naturelle Jebel Bouhachem, l\u2019un des rares \u00eelots naturels du Maroc o\u00f9 la configuration \u00e9cologique est bien conserv\u00e9e. C\u2019est l\u2019une des plus belles for\u00eats caducifoli\u00e9es du Maroc.[:en]Crossing the Jebel Bouhachem Nature Reserve, one of the few natural islets in Morocco where the ecological configuration is well preserved. It is one of the most beautiful deciduous forests in Morocco.[:]\" \/>\n<meta property=\"og:url\" content=\"https:\/\/l-echappee.com\/produit\/jebel-bouhachem\/\" \/>\n<meta property=\"og:site_name\" content=\"L&#039;Echapp\u00e9e | Travel from your home\" \/>\n<meta property=\"article:publisher\" content=\"https:\/\/www.facebook.com\/lechappee.official\" \/>\n<meta property=\"article:modified_time\" content=\"2022-06-06T05:39:15+00:00\" \/>\n<meta property=\"og:image\" content=\"https:\/\/l-echappee.com\/wp-content\/uploads\/2019\/07\/180313-Maroc585-web3.jpg\" \/>\n\t<meta property=\"og:image:width\" content=\"801\" \/>\n\t<meta property=\"og:image:height\" content=\"1200\" \/>\n\t<meta property=\"og:image:type\" content=\"image\/jpeg\" \/>\n<meta name=\"twitter:card\" content=\"summary_large_image\" \/>\n<script type=\"application\/ld+json\" class=\"yoast-schema-graph\">{\"@context\":\"https:\/\/schema.org\",\"@graph\":[{\"@type\":\"WebPage\",\"@id\":\"https:\/\/l-echappee.com\/produit\/jebel-bouhachem\/\",\"url\":\"https:\/\/l-echappee.com\/produit\/jebel-bouhachem\/\",\"name\":\"Jebel Bouhachem - L&#039;Echapp\u00e9e | Travel from your home\",\"isPartOf\":{\"@id\":\"https:\/\/l-echappee.com\/#website\"},\"datePublished\":\"2019-07-24T13:58:43+00:00\",\"dateModified\":\"2022-06-06T05:39:15+00:00\",\"breadcrumb\":{\"@id\":\"https:\/\/l-echappee.com\/produit\/jebel-bouhachem\/#breadcrumb\"},\"inLanguage\":\"en-US\",\"potentialAction\":[{\"@type\":\"ReadAction\",\"target\":[\"https:\/\/l-echappee.com\/produit\/jebel-bouhachem\/\"]}]},{\"@type\":\"BreadcrumbList\",\"@id\":\"https:\/\/l-echappee.com\/produit\/jebel-bouhachem\/#breadcrumb\",\"itemListElement\":[{\"@type\":\"ListItem\",\"position\":1,\"name\":\"Accueil\",\"item\":\"https:\/\/l-echappee.com\/\"},{\"@type\":\"ListItem\",\"position\":2,\"name\":\"Collection\",\"item\":\"https:\/\/l-echappee.com\/en\/collection\/\"},{\"@type\":\"ListItem\",\"position\":3,\"name\":\"Jebel Bouhachem\"}]},{\"@type\":\"WebSite\",\"@id\":\"https:\/\/l-echappee.com\/#website\",\"url\":\"https:\/\/l-echappee.com\/\",\"name\":\"L&#039;Echapp\u00e9e | Travel from your home\",\"description\":\"Fine art prints, framed prints and wall art\",\"publisher\":{\"@id\":\"https:\/\/l-echappee.com\/#organization\"},\"potentialAction\":[{\"@type\":\"SearchAction\",\"target\":{\"@type\":\"EntryPoint\",\"urlTemplate\":\"https:\/\/l-echappee.com\/?s={search_term_string}\"},\"query-input\":\"required name=search_term_string\"}],\"inLanguage\":\"en-US\"},{\"@type\":\"Organization\",\"@id\":\"https:\/\/l-echappee.com\/#organization\",\"name\":\"L&#039;Echapp\u00e9e | Travel from your home\",\"url\":\"https:\/\/l-echappee.com\/\",\"logo\":{\"@type\":\"ImageObject\",\"inLanguage\":\"en-US\",\"@id\":\"https:\/\/l-echappee.com\/#\/schema\/logo\/image\/\",\"url\":\"https:\/\/l-echappee.com\/wp-content\/uploads\/2019\/09\/LEchappee_Logo2-03.png\",\"contentUrl\":\"https:\/\/l-echappee.com\/wp-content\/uploads\/2019\/09\/LEchappee_Logo2-03.png\",\"width\":373,\"height\":90,\"caption\":\"L&#039;Echapp\u00e9e | Travel from your home\"},\"image\":{\"@id\":\"https:\/\/l-echappee.com\/#\/schema\/logo\/image\/\"},\"sameAs\":[\"https:\/\/www.facebook.com\/lechappee.official\",\"https:\/\/www.instagram.com\/lechappee_\"]}]}<\/script>\n<!-- \/ Yoast SEO plugin. -->","yoast_head_json":{"title":"Jebel Bouhachem - L&#039;Echapp\u00e9e | Travel from your home","robots":{"index":"index","follow":"follow","max-snippet":"max-snippet:-1","max-image-preview":"max-image-preview:large","max-video-preview":"max-video-preview:-1"},"canonical":"https:\/\/l-echappee.com\/produit\/jebel-bouhachem\/","og_locale":"en_US","og_type":"article","og_title":"Jebel Bouhachem - L&#039;Echapp\u00e9e | Travel from your home","og_description":"[:fr]Travers\u00e9e de la r\u00e9serve naturelle Jebel Bouhachem, l\u2019un des rares \u00eelots naturels du Maroc o\u00f9 la configuration \u00e9cologique est bien conserv\u00e9e. C\u2019est l\u2019une des plus belles for\u00eats caducifoli\u00e9es du Maroc.[:en]Crossing the Jebel Bouhachem Nature Reserve, one of the few natural islets in Morocco where the ecological configuration is well preserved. It is one of the most beautiful deciduous forests in Morocco.[:]","og_url":"https:\/\/l-echappee.com\/produit\/jebel-bouhachem\/","og_site_name":"L&#039;Echapp\u00e9e | Travel from your home","article_publisher":"https:\/\/www.facebook.com\/lechappee.official","article_modified_time":"2022-06-06T05:39:15+00:00","og_image":[{"width":801,"height":1200,"url":"https:\/\/l-echappee.com\/wp-content\/uploads\/2019\/07\/180313-Maroc585-web3.jpg","type":"image\/jpeg"}],"twitter_card":"summary_large_image","schema":{"@context":"https:\/\/schema.org","@graph":[{"@type":"WebPage","@id":"https:\/\/l-echappee.com\/produit\/jebel-bouhachem\/","url":"https:\/\/l-echappee.com\/produit\/jebel-bouhachem\/","name":"Jebel Bouhachem - L&#039;Echapp\u00e9e | Travel from your home","isPartOf":{"@id":"https:\/\/l-echappee.com\/#website"},"datePublished":"2019-07-24T13:58:43+00:00","dateModified":"2022-06-06T05:39:15+00:00","breadcrumb":{"@id":"https:\/\/l-echappee.com\/produit\/jebel-bouhachem\/#breadcrumb"},"inLanguage":"en-US","potentialAction":[{"@type":"ReadAction","target":["https:\/\/l-echappee.com\/produit\/jebel-bouhachem\/"]}]},{"@type":"BreadcrumbList","@id":"https:\/\/l-echappee.com\/produit\/jebel-bouhachem\/#breadcrumb","itemListElement":[{"@type":"ListItem","position":1,"name":"Accueil","item":"https:\/\/l-echappee.com\/"},{"@type":"ListItem","position":2,"name":"Collection","item":"https:\/\/l-echappee.com\/en\/collection\/"},{"@type":"ListItem","position":3,"name":"Jebel Bouhachem"}]},{"@type":"WebSite","@id":"https:\/\/l-echappee.com\/#website","url":"https:\/\/l-echappee.com\/","name":"L&#039;Echapp\u00e9e | Travel from your home","description":"Fine art prints, framed prints and wall art","publisher":{"@id":"https:\/\/l-echappee.com\/#organization"},"potentialAction":[{"@type":"SearchAction","target":{"@type":"EntryPoint","urlTemplate":"https:\/\/l-echappee.com\/?s={search_term_string}"},"query-input":"required name=search_term_string"}],"inLanguage":"en-US"},{"@type":"Organization","@id":"https:\/\/l-echappee.com\/#organization","name":"L&#039;Echapp\u00e9e | Travel from your home","url":"https:\/\/l-echappee.com\/","logo":{"@type":"ImageObject","inLanguage":"en-US","@id":"https:\/\/l-echappee.com\/#\/schema\/logo\/image\/","url":"https:\/\/l-echappee.com\/wp-content\/uploads\/2019\/09\/LEchappee_Logo2-03.png","contentUrl":"https:\/\/l-echappee.com\/wp-content\/uploads\/2019\/09\/LEchappee_Logo2-03.png","width":373,"height":90,"caption":"L&#039;Echapp\u00e9e | Travel from your home"},"image":{"@id":"https:\/\/l-echappee.com\/#\/schema\/logo\/image\/"},"sameAs":["https:\/\/www.facebook.com\/lechappee.official","https:\/\/www.instagram.com\/lechappee_"]}]}},"_links":{"self":[{"href":"https:\/\/l-echappee.com\/en\/wp-json\/wp\/v2\/product\/4397"}],"collection":[{"href":"https:\/\/l-echappee.com\/en\/wp-json\/wp\/v2\/product"}],"about":[{"href":"https:\/\/l-echappee.com\/en\/wp-json\/wp\/v2\/types\/product"}],"wp:featuredmedia":[{"embeddable":true,"href":"https:\/\/l-echappee.com\/en\/wp-json\/wp\/v2\/media\/4144"}],"wp:attachment":[{"href":"https:\/\/l-echappee.com\/en\/wp-json\/wp\/v2\/media?parent=4397"}],"wp:term":[{"taxonomy":"product_cat","embeddable":true,"href":"https:\/\/l-echappee.com\/en\/wp-json\/wp\/v2\/product_cat?post=4397"},{"taxonomy":"product_tag","embeddable":true,"href":"https:\/\/l-echappee.com\/en\/wp-json\/wp\/v2\/product_tag?post=4397"}],"curies":[{"name":"wp","href":"https:\/\/api.w.org\/{rel}","templated":true}]}}