{"id":4328,"date":"2019-07-24T15:50:46","date_gmt":"2019-07-24T13:50:46","guid":{"rendered":"https:\/\/l-echappee.com\/?post_type=product&#038;p=4328"},"modified":"2022-06-06T07:39:15","modified_gmt":"2022-06-06T05:39:15","slug":"sud-lipez","status":"publish","type":"product","link":"https:\/\/l-echappee.com\/en\/produit\/sud-lipez\/","title":{"rendered":"Sud Lipez"},"content":{"rendered":"<p><\/p>\n","protected":false},"excerpt":{"rendered":"<p><span class=\"tlid-translation translation\" lang=\"en\"><span title=\"\">I<span class=\"\" title=\"\">n the Andes Mountains, the doors of the Bolivian desert reveal many surprises. In these protected areas, nature takes back its right. I find myself surrounded by infinite shades of blue, green, yellow and even red that decorate the landscapes. I cross valleys, rocky mountains, deserts, I skirt lakes and volcanoes with snow-capped peaks.<\/span><\/span><\/span><\/p>\n<p><span class=\"tlid-translation translation\" lang=\"en\"><span class=\"\" title=\"\">\u00a0<\/span><\/span><\/p>\n","protected":false},"featured_media":4116,"template":"","meta":[],"product_cat":[61],"product_tag":[],"yoast_head":"<!-- This site is optimized with the Yoast SEO plugin v21.1 - https:\/\/yoast.com\/wordpress\/plugins\/seo\/ -->\n<title>Sud Lipez - L&#039;Echapp\u00e9e | Travel from your home<\/title>\n<meta name=\"robots\" content=\"index, follow, max-snippet:-1, max-image-preview:large, max-video-preview:-1\" \/>\n<link rel=\"canonical\" href=\"https:\/\/l-echappee.com\/produit\/sud-lipez\/\" \/>\n<meta property=\"og:locale\" content=\"en_US\" \/>\n<meta property=\"og:type\" content=\"article\" \/>\n<meta property=\"og:title\" content=\"Sud Lipez - L&#039;Echapp\u00e9e | Travel from your home\" \/>\n<meta property=\"og:description\" content=\"[:fr]Pr\u00e8s de la fronti\u00e8re Chili \/ Bolivie dans la Cordill\u00e8re des Andes, les portes du d\u00e9sert Bolivien d\u00e9voilent bien des surprises. Dans ces espaces prot\u00e9g\u00e9s, la nature reprend son droit. Je me retrouve entour\u00e9e de nuances infinies de bleu, de vert, de jaune et m\u00eame de rouge qui d\u00e9corent les paysages. Je traverse des vall\u00e9es, des montagnes rocheuses, des d\u00e9serts, je longe des lacs et des volcans aux sommets enneig\u00e9s.[:en]In the Andes Mountains, the doors of the Bolivian desert reveal many surprises. In these protected areas, nature takes back its right. I find myself surrounded by infinite shades of blue, green, yellow and even red that decorate the landscapes. I cross valleys, rocky mountains, deserts, I skirt lakes and volcanoes with snow-capped peaks.  \u00a0[:]\" \/>\n<meta property=\"og:url\" content=\"https:\/\/l-echappee.com\/produit\/sud-lipez\/\" \/>\n<meta property=\"og:site_name\" content=\"L&#039;Echapp\u00e9e | Travel from your home\" \/>\n<meta property=\"article:publisher\" content=\"https:\/\/www.facebook.com\/lechappee.official\" \/>\n<meta property=\"article:modified_time\" content=\"2022-06-06T05:39:15+00:00\" \/>\n<meta property=\"og:image\" content=\"https:\/\/l-echappee.com\/wp-content\/uploads\/2019\/07\/Lechappee_Produit_landscape_0023_190403-SudLipez-web5.jpg\" \/>\n\t<meta property=\"og:image:width\" content=\"1000\" \/>\n\t<meta property=\"og:image:height\" content=\"990\" \/>\n\t<meta property=\"og:image:type\" content=\"image\/jpeg\" \/>\n<meta name=\"twitter:card\" content=\"summary_large_image\" \/>\n<script type=\"application\/ld+json\" class=\"yoast-schema-graph\">{\"@context\":\"https:\/\/schema.org\",\"@graph\":[{\"@type\":\"WebPage\",\"@id\":\"https:\/\/l-echappee.com\/produit\/sud-lipez\/\",\"url\":\"https:\/\/l-echappee.com\/produit\/sud-lipez\/\",\"name\":\"Sud Lipez - L&#039;Echapp\u00e9e | Travel from your home\",\"isPartOf\":{\"@id\":\"https:\/\/l-echappee.com\/#website\"},\"datePublished\":\"2019-07-24T13:50:46+00:00\",\"dateModified\":\"2022-06-06T05:39:15+00:00\",\"breadcrumb\":{\"@id\":\"https:\/\/l-echappee.com\/produit\/sud-lipez\/#breadcrumb\"},\"inLanguage\":\"en-US\",\"potentialAction\":[{\"@type\":\"ReadAction\",\"target\":[\"https:\/\/l-echappee.com\/produit\/sud-lipez\/\"]}]},{\"@type\":\"BreadcrumbList\",\"@id\":\"https:\/\/l-echappee.com\/produit\/sud-lipez\/#breadcrumb\",\"itemListElement\":[{\"@type\":\"ListItem\",\"position\":1,\"name\":\"Accueil\",\"item\":\"https:\/\/l-echappee.com\/\"},{\"@type\":\"ListItem\",\"position\":2,\"name\":\"Collection\",\"item\":\"https:\/\/l-echappee.com\/en\/collection\/\"},{\"@type\":\"ListItem\",\"position\":3,\"name\":\"Sud Lipez\"}]},{\"@type\":\"WebSite\",\"@id\":\"https:\/\/l-echappee.com\/#website\",\"url\":\"https:\/\/l-echappee.com\/\",\"name\":\"L&#039;Echapp\u00e9e | Travel from your home\",\"description\":\"Fine art prints, framed prints and wall art\",\"publisher\":{\"@id\":\"https:\/\/l-echappee.com\/#organization\"},\"potentialAction\":[{\"@type\":\"SearchAction\",\"target\":{\"@type\":\"EntryPoint\",\"urlTemplate\":\"https:\/\/l-echappee.com\/?s={search_term_string}\"},\"query-input\":\"required name=search_term_string\"}],\"inLanguage\":\"en-US\"},{\"@type\":\"Organization\",\"@id\":\"https:\/\/l-echappee.com\/#organization\",\"name\":\"L&#039;Echapp\u00e9e | Travel from your home\",\"url\":\"https:\/\/l-echappee.com\/\",\"logo\":{\"@type\":\"ImageObject\",\"inLanguage\":\"en-US\",\"@id\":\"https:\/\/l-echappee.com\/#\/schema\/logo\/image\/\",\"url\":\"https:\/\/l-echappee.com\/wp-content\/uploads\/2019\/09\/LEchappee_Logo2-03.png\",\"contentUrl\":\"https:\/\/l-echappee.com\/wp-content\/uploads\/2019\/09\/LEchappee_Logo2-03.png\",\"width\":373,\"height\":90,\"caption\":\"L&#039;Echapp\u00e9e | Travel from your home\"},\"image\":{\"@id\":\"https:\/\/l-echappee.com\/#\/schema\/logo\/image\/\"},\"sameAs\":[\"https:\/\/www.facebook.com\/lechappee.official\",\"https:\/\/www.instagram.com\/lechappee_\"]}]}<\/script>\n<!-- \/ Yoast SEO plugin. -->","yoast_head_json":{"title":"Sud Lipez - L&#039;Echapp\u00e9e | Travel from your home","robots":{"index":"index","follow":"follow","max-snippet":"max-snippet:-1","max-image-preview":"max-image-preview:large","max-video-preview":"max-video-preview:-1"},"canonical":"https:\/\/l-echappee.com\/produit\/sud-lipez\/","og_locale":"en_US","og_type":"article","og_title":"Sud Lipez - L&#039;Echapp\u00e9e | Travel from your home","og_description":"[:fr]Pr\u00e8s de la fronti\u00e8re Chili \/ Bolivie dans la Cordill\u00e8re des Andes, les portes du d\u00e9sert Bolivien d\u00e9voilent bien des surprises. Dans ces espaces prot\u00e9g\u00e9s, la nature reprend son droit. Je me retrouve entour\u00e9e de nuances infinies de bleu, de vert, de jaune et m\u00eame de rouge qui d\u00e9corent les paysages. Je traverse des vall\u00e9es, des montagnes rocheuses, des d\u00e9serts, je longe des lacs et des volcans aux sommets enneig\u00e9s.[:en]In the Andes Mountains, the doors of the Bolivian desert reveal many surprises. In these protected areas, nature takes back its right. I find myself surrounded by infinite shades of blue, green, yellow and even red that decorate the landscapes. I cross valleys, rocky mountains, deserts, I skirt lakes and volcanoes with snow-capped peaks.  \u00a0[:]","og_url":"https:\/\/l-echappee.com\/produit\/sud-lipez\/","og_site_name":"L&#039;Echapp\u00e9e | Travel from your home","article_publisher":"https:\/\/www.facebook.com\/lechappee.official","article_modified_time":"2022-06-06T05:39:15+00:00","og_image":[{"width":1000,"height":990,"url":"https:\/\/l-echappee.com\/wp-content\/uploads\/2019\/07\/Lechappee_Produit_landscape_0023_190403-SudLipez-web5.jpg","type":"image\/jpeg"}],"twitter_card":"summary_large_image","schema":{"@context":"https:\/\/schema.org","@graph":[{"@type":"WebPage","@id":"https:\/\/l-echappee.com\/produit\/sud-lipez\/","url":"https:\/\/l-echappee.com\/produit\/sud-lipez\/","name":"Sud Lipez - L&#039;Echapp\u00e9e | Travel from your home","isPartOf":{"@id":"https:\/\/l-echappee.com\/#website"},"datePublished":"2019-07-24T13:50:46+00:00","dateModified":"2022-06-06T05:39:15+00:00","breadcrumb":{"@id":"https:\/\/l-echappee.com\/produit\/sud-lipez\/#breadcrumb"},"inLanguage":"en-US","potentialAction":[{"@type":"ReadAction","target":["https:\/\/l-echappee.com\/produit\/sud-lipez\/"]}]},{"@type":"BreadcrumbList","@id":"https:\/\/l-echappee.com\/produit\/sud-lipez\/#breadcrumb","itemListElement":[{"@type":"ListItem","position":1,"name":"Accueil","item":"https:\/\/l-echappee.com\/"},{"@type":"ListItem","position":2,"name":"Collection","item":"https:\/\/l-echappee.com\/en\/collection\/"},{"@type":"ListItem","position":3,"name":"Sud Lipez"}]},{"@type":"WebSite","@id":"https:\/\/l-echappee.com\/#website","url":"https:\/\/l-echappee.com\/","name":"L&#039;Echapp\u00e9e | Travel from your home","description":"Fine art prints, framed prints and wall art","publisher":{"@id":"https:\/\/l-echappee.com\/#organization"},"potentialAction":[{"@type":"SearchAction","target":{"@type":"EntryPoint","urlTemplate":"https:\/\/l-echappee.com\/?s={search_term_string}"},"query-input":"required name=search_term_string"}],"inLanguage":"en-US"},{"@type":"Organization","@id":"https:\/\/l-echappee.com\/#organization","name":"L&#039;Echapp\u00e9e | Travel from your home","url":"https:\/\/l-echappee.com\/","logo":{"@type":"ImageObject","inLanguage":"en-US","@id":"https:\/\/l-echappee.com\/#\/schema\/logo\/image\/","url":"https:\/\/l-echappee.com\/wp-content\/uploads\/2019\/09\/LEchappee_Logo2-03.png","contentUrl":"https:\/\/l-echappee.com\/wp-content\/uploads\/2019\/09\/LEchappee_Logo2-03.png","width":373,"height":90,"caption":"L&#039;Echapp\u00e9e | Travel from your home"},"image":{"@id":"https:\/\/l-echappee.com\/#\/schema\/logo\/image\/"},"sameAs":["https:\/\/www.facebook.com\/lechappee.official","https:\/\/www.instagram.com\/lechappee_"]}]}},"_links":{"self":[{"href":"https:\/\/l-echappee.com\/en\/wp-json\/wp\/v2\/product\/4328"}],"collection":[{"href":"https:\/\/l-echappee.com\/en\/wp-json\/wp\/v2\/product"}],"about":[{"href":"https:\/\/l-echappee.com\/en\/wp-json\/wp\/v2\/types\/product"}],"wp:featuredmedia":[{"embeddable":true,"href":"https:\/\/l-echappee.com\/en\/wp-json\/wp\/v2\/media\/4116"}],"wp:attachment":[{"href":"https:\/\/l-echappee.com\/en\/wp-json\/wp\/v2\/media?parent=4328"}],"wp:term":[{"taxonomy":"product_cat","embeddable":true,"href":"https:\/\/l-echappee.com\/en\/wp-json\/wp\/v2\/product_cat?post=4328"},{"taxonomy":"product_tag","embeddable":true,"href":"https:\/\/l-echappee.com\/en\/wp-json\/wp\/v2\/product_tag?post=4328"}],"curies":[{"name":"wp","href":"https:\/\/api.w.org\/{rel}","templated":true}]}}