{"id":3578,"date":"2019-06-21T16:28:01","date_gmt":"2019-06-21T14:28:01","guid":{"rendered":"https:\/\/l-echappee.com\/?post_type=product&#038;p=3578"},"modified":"2020-01-05T12:34:48","modified_gmt":"2020-01-05T11:34:48","slug":"vallee-de-mars","status":"publish","type":"product","link":"https:\/\/l-echappee.com\/en\/produit\/vallee-de-mars\/","title":{"rendered":"Mars Valley"},"content":{"rendered":"<p><br \/>\n<\/p>","protected":false},"excerpt":{"rendered":"<p><span class=\"tlid-translation translation\" lang=\"en\"><span title=\"\">Similar to the red planet, the Atacama horizon is desert and full of craters.<\/span> <span class=\"\" title=\"\">From a strategic position at the top of a dune of sand, the sunset reveals the beauty of a breathtaking landscape.<\/span> <span class=\"\" title=\"\">Indeed, those colors are from our planet!<\/span><\/span><\/p>\n","protected":false},"featured_media":4700,"template":"","meta":[],"product_cat":[61],"product_tag":[],"yoast_head":"<!-- This site is optimized with the Yoast SEO plugin v21.1 - https:\/\/yoast.com\/wordpress\/plugins\/seo\/ -->\n<title>Mars Valley - L&#039;Echapp\u00e9e | Travel from your home<\/title>\n<meta name=\"robots\" content=\"index, follow, max-snippet:-1, max-image-preview:large, max-video-preview:-1\" \/>\n<link rel=\"canonical\" href=\"https:\/\/l-echappee.com\/produit\/vallee-de-mars\/\" \/>\n<meta property=\"og:locale\" content=\"en_US\" \/>\n<meta property=\"og:type\" content=\"article\" \/>\n<meta property=\"og:title\" content=\"Mars Valley - L&#039;Echapp\u00e9e | Travel from your home\" \/>\n<meta property=\"og:description\" content=\"[:fr]Semblable \u00e0 la plan\u00e8te rouge, l&#039;horizon d&#039;Atacama est d\u00e9sertique et parsem\u00e9 de crat\u00e8res. Depuis une position strat\u00e9gique au sommet d&#039;une dune de sable, le couch\u00e9 de soleil d\u00e9voile la beaut\u00e9 d&#039;un paysage \u00e0 couper le souffle. Oui, ces couleurs sont bel et bien de notre plan\u00e8te ![:en]Similar to the red planet, the Atacama horizon is desert and full of craters. From a strategic position at the top of a dune of sand, the sunset reveals the beauty of a breathtaking landscape. Indeed, those colors are from our planet![:]\" \/>\n<meta property=\"og:url\" content=\"https:\/\/l-echappee.com\/produit\/vallee-de-mars\/\" \/>\n<meta property=\"og:site_name\" content=\"L&#039;Echapp\u00e9e | Travel from your home\" \/>\n<meta property=\"article:publisher\" content=\"https:\/\/www.facebook.com\/lechappee.official\" \/>\n<meta property=\"article:modified_time\" content=\"2020-01-05T11:34:48+00:00\" \/>\n<meta property=\"og:image\" content=\"https:\/\/l-echappee.com\/wp-content\/uploads\/2019\/06\/L-Echappee_0014_190404-ValleyMarte-web-13-1.jpg\" \/>\n\t<meta property=\"og:image:width\" content=\"1000\" \/>\n\t<meta property=\"og:image:height\" content=\"990\" \/>\n\t<meta property=\"og:image:type\" content=\"image\/jpeg\" \/>\n<meta name=\"twitter:card\" content=\"summary_large_image\" \/>\n<script type=\"application\/ld+json\" class=\"yoast-schema-graph\">{\"@context\":\"https:\/\/schema.org\",\"@graph\":[{\"@type\":\"WebPage\",\"@id\":\"https:\/\/l-echappee.com\/produit\/vallee-de-mars\/\",\"url\":\"https:\/\/l-echappee.com\/produit\/vallee-de-mars\/\",\"name\":\"Mars Valley - L&#039;Echapp\u00e9e | Travel from your home\",\"isPartOf\":{\"@id\":\"https:\/\/l-echappee.com\/#website\"},\"datePublished\":\"2019-06-21T14:28:01+00:00\",\"dateModified\":\"2020-01-05T11:34:48+00:00\",\"breadcrumb\":{\"@id\":\"https:\/\/l-echappee.com\/produit\/vallee-de-mars\/#breadcrumb\"},\"inLanguage\":\"en-US\",\"potentialAction\":[{\"@type\":\"ReadAction\",\"target\":[\"https:\/\/l-echappee.com\/produit\/vallee-de-mars\/\"]}]},{\"@type\":\"BreadcrumbList\",\"@id\":\"https:\/\/l-echappee.com\/produit\/vallee-de-mars\/#breadcrumb\",\"itemListElement\":[{\"@type\":\"ListItem\",\"position\":1,\"name\":\"Accueil\",\"item\":\"https:\/\/l-echappee.com\/\"},{\"@type\":\"ListItem\",\"position\":2,\"name\":\"Collection\",\"item\":\"https:\/\/l-echappee.com\/en\/collection\/\"},{\"@type\":\"ListItem\",\"position\":3,\"name\":\"Vall\u00e9e de Mars\"}]},{\"@type\":\"WebSite\",\"@id\":\"https:\/\/l-echappee.com\/#website\",\"url\":\"https:\/\/l-echappee.com\/\",\"name\":\"L&#039;Echapp\u00e9e | Travel from your home\",\"description\":\"Fine art prints, framed prints and wall art\",\"publisher\":{\"@id\":\"https:\/\/l-echappee.com\/#organization\"},\"potentialAction\":[{\"@type\":\"SearchAction\",\"target\":{\"@type\":\"EntryPoint\",\"urlTemplate\":\"https:\/\/l-echappee.com\/?s={search_term_string}\"},\"query-input\":\"required name=search_term_string\"}],\"inLanguage\":\"en-US\"},{\"@type\":\"Organization\",\"@id\":\"https:\/\/l-echappee.com\/#organization\",\"name\":\"L&#039;Echapp\u00e9e | Travel from your home\",\"url\":\"https:\/\/l-echappee.com\/\",\"logo\":{\"@type\":\"ImageObject\",\"inLanguage\":\"en-US\",\"@id\":\"https:\/\/l-echappee.com\/#\/schema\/logo\/image\/\",\"url\":\"https:\/\/l-echappee.com\/wp-content\/uploads\/2019\/09\/LEchappee_Logo2-03.png\",\"contentUrl\":\"https:\/\/l-echappee.com\/wp-content\/uploads\/2019\/09\/LEchappee_Logo2-03.png\",\"width\":373,\"height\":90,\"caption\":\"L&#039;Echapp\u00e9e | Travel from your home\"},\"image\":{\"@id\":\"https:\/\/l-echappee.com\/#\/schema\/logo\/image\/\"},\"sameAs\":[\"https:\/\/www.facebook.com\/lechappee.official\",\"https:\/\/www.instagram.com\/lechappee_\"]}]}<\/script>\n<!-- \/ Yoast SEO plugin. -->","yoast_head_json":{"title":"Mars Valley - L&#039;Echapp\u00e9e | Travel from your home","robots":{"index":"index","follow":"follow","max-snippet":"max-snippet:-1","max-image-preview":"max-image-preview:large","max-video-preview":"max-video-preview:-1"},"canonical":"https:\/\/l-echappee.com\/produit\/vallee-de-mars\/","og_locale":"en_US","og_type":"article","og_title":"Mars Valley - L&#039;Echapp\u00e9e | Travel from your home","og_description":"[:fr]Semblable \u00e0 la plan\u00e8te rouge, l'horizon d'Atacama est d\u00e9sertique et parsem\u00e9 de crat\u00e8res. Depuis une position strat\u00e9gique au sommet d'une dune de sable, le couch\u00e9 de soleil d\u00e9voile la beaut\u00e9 d'un paysage \u00e0 couper le souffle. Oui, ces couleurs sont bel et bien de notre plan\u00e8te ![:en]Similar to the red planet, the Atacama horizon is desert and full of craters. From a strategic position at the top of a dune of sand, the sunset reveals the beauty of a breathtaking landscape. Indeed, those colors are from our planet![:]","og_url":"https:\/\/l-echappee.com\/produit\/vallee-de-mars\/","og_site_name":"L&#039;Echapp\u00e9e | Travel from your home","article_publisher":"https:\/\/www.facebook.com\/lechappee.official","article_modified_time":"2020-01-05T11:34:48+00:00","og_image":[{"width":1000,"height":990,"url":"https:\/\/l-echappee.com\/wp-content\/uploads\/2019\/06\/L-Echappee_0014_190404-ValleyMarte-web-13-1.jpg","type":"image\/jpeg"}],"twitter_card":"summary_large_image","schema":{"@context":"https:\/\/schema.org","@graph":[{"@type":"WebPage","@id":"https:\/\/l-echappee.com\/produit\/vallee-de-mars\/","url":"https:\/\/l-echappee.com\/produit\/vallee-de-mars\/","name":"Mars Valley - L&#039;Echapp\u00e9e | Travel from your home","isPartOf":{"@id":"https:\/\/l-echappee.com\/#website"},"datePublished":"2019-06-21T14:28:01+00:00","dateModified":"2020-01-05T11:34:48+00:00","breadcrumb":{"@id":"https:\/\/l-echappee.com\/produit\/vallee-de-mars\/#breadcrumb"},"inLanguage":"en-US","potentialAction":[{"@type":"ReadAction","target":["https:\/\/l-echappee.com\/produit\/vallee-de-mars\/"]}]},{"@type":"BreadcrumbList","@id":"https:\/\/l-echappee.com\/produit\/vallee-de-mars\/#breadcrumb","itemListElement":[{"@type":"ListItem","position":1,"name":"Accueil","item":"https:\/\/l-echappee.com\/"},{"@type":"ListItem","position":2,"name":"Collection","item":"https:\/\/l-echappee.com\/en\/collection\/"},{"@type":"ListItem","position":3,"name":"Vall\u00e9e de Mars"}]},{"@type":"WebSite","@id":"https:\/\/l-echappee.com\/#website","url":"https:\/\/l-echappee.com\/","name":"L&#039;Echapp\u00e9e | Travel from your home","description":"Fine art prints, framed prints and wall art","publisher":{"@id":"https:\/\/l-echappee.com\/#organization"},"potentialAction":[{"@type":"SearchAction","target":{"@type":"EntryPoint","urlTemplate":"https:\/\/l-echappee.com\/?s={search_term_string}"},"query-input":"required name=search_term_string"}],"inLanguage":"en-US"},{"@type":"Organization","@id":"https:\/\/l-echappee.com\/#organization","name":"L&#039;Echapp\u00e9e | Travel from your home","url":"https:\/\/l-echappee.com\/","logo":{"@type":"ImageObject","inLanguage":"en-US","@id":"https:\/\/l-echappee.com\/#\/schema\/logo\/image\/","url":"https:\/\/l-echappee.com\/wp-content\/uploads\/2019\/09\/LEchappee_Logo2-03.png","contentUrl":"https:\/\/l-echappee.com\/wp-content\/uploads\/2019\/09\/LEchappee_Logo2-03.png","width":373,"height":90,"caption":"L&#039;Echapp\u00e9e | Travel from your home"},"image":{"@id":"https:\/\/l-echappee.com\/#\/schema\/logo\/image\/"},"sameAs":["https:\/\/www.facebook.com\/lechappee.official","https:\/\/www.instagram.com\/lechappee_"]}]}},"_links":{"self":[{"href":"https:\/\/l-echappee.com\/en\/wp-json\/wp\/v2\/product\/3578"}],"collection":[{"href":"https:\/\/l-echappee.com\/en\/wp-json\/wp\/v2\/product"}],"about":[{"href":"https:\/\/l-echappee.com\/en\/wp-json\/wp\/v2\/types\/product"}],"wp:featuredmedia":[{"embeddable":true,"href":"https:\/\/l-echappee.com\/en\/wp-json\/wp\/v2\/media\/4700"}],"wp:attachment":[{"href":"https:\/\/l-echappee.com\/en\/wp-json\/wp\/v2\/media?parent=3578"}],"wp:term":[{"taxonomy":"product_cat","embeddable":true,"href":"https:\/\/l-echappee.com\/en\/wp-json\/wp\/v2\/product_cat?post=3578"},{"taxonomy":"product_tag","embeddable":true,"href":"https:\/\/l-echappee.com\/en\/wp-json\/wp\/v2\/product_tag?post=3578"}],"curies":[{"name":"wp","href":"https:\/\/api.w.org\/{rel}","templated":true}]}}